{"id":452,"date":"2016-03-14T20:46:06","date_gmt":"2016-03-14T19:46:06","guid":{"rendered":"http:\/\/baroniet.mementor.no\/en\/?page_id=452"},"modified":"2018-01-12T22:09:43","modified_gmt":"2018-01-12T21:09:43","slug":"history","status":"publish","type":"page","link":"https:\/\/www.baroniet.no\/en\/history\/","title":{"rendered":"The manor from 1665"},"content":{"rendered":"<div class=\"seksjon\"><div class=\"container\"><div class=\"row\">\n<div class=\"col-sm-6\">\n<h3>Guided tour at the Manor<\/h3>\n<p><img decoding=\"async\" class=\"alignnone size-full wp-image-683\" src=\"https:\/\/www.baroniet.no\/wp-content\/uploads\/2016\/03\/sager.jpg\" alt=\"Hans Sager (1705) Baroniet Rosendal\" width=\"750\" height=\"486\" srcset=\"https:\/\/www.baroniet.no\/wp-content\/uploads\/2016\/03\/sager.jpg 750w, https:\/\/www.baroniet.no\/wp-content\/uploads\/2016\/03\/sager-350x227.jpg 350w\" sizes=\"(max-width: 750px) 100vw, 750px\" \/><\/p>\n<p>A guided tour at Baroniet Rosendal is a tour through different epochs. The rooms are influenced by owners over 250 years, and the manor is preserved as a home \u2013 the way it was when the last owners left in 1927.<\/p>\n<p>Statthaldarkammeret, the library, is the only completely preserved room in Norway from the 17th century, covered with french tapestry from the 1660\u00b4s. Denne tekstiltapeten er det einaste tapetet i sitt slag som enno heng oppe.<\/p>\n<\/div>\n<div class=\"col-sm-6\">\n<p>Den Bl\u00e5 Sal (spisesalen) kan ein beundra noko av det eldste Meissen og Kongeleg Dansk str\u00e5m\u00f8nsterporselen som finst i Norge.<\/p>\n<p>I Den R\u00f8de Sal m\u00f8ter ein det vakre og storslagne i norsk natur, skildra av dei fremste norske landskapsm\u00e5larane fr\u00e5 nasjonalromantikken. Her er m\u00e5leri av J.C.Dahl, H.F.Gude, M.M\u00f8ller, A.Askevold, m.fl. Her finst ogs\u00e5 eit kvinneportrett av Edvard Munch fr\u00e5 1880-\u00e5ra.<\/p>\n<p>Den Gule Sal er innreia i norsk empirestil, med noko av det mest verdifulle empire- m\u00f8blementet i landet. M\u00f8blane er laga av Abraham B\u00f8e fr\u00e5 Bergen kring 1820.<\/p>\n<p><a href=\"\/praktisk-informasjon\/\">Sj\u00e5 opningstider og prisar<\/a><\/p>\n<p>Sj\u00e5 film om Slottet fr\u00e5 1665 og Rosendal Have:<\/p>\n<div class=\"nrk-video\" data-nrk-id=\"80620\"><\/div>\n<p><script src=\"http:\/\/www.nrk.no\/serum\/latest\/js\/video_embed.js\"><\/script><\/div>\n<\/div><\/div><\/div>\n<div class=\"parallax\" style=\"background-image: url('\/wp-content\/uploads\/2016\/03\/biblioteket.jpg')\"><\/div>\n","protected":false},"excerpt":{"rendered":"","protected":false},"author":1,"featured_media":6935,"parent":0,"menu_order":25,"comment_status":"closed","ping_status":"closed","template":"","meta":{"_acf_changed":false,"footnotes":""},"class_list":["post-452","page","type-page","status-publish","has-post-thumbnail","hentry"],"acf":[],"yoast_head":"<!-- This site is optimized with the Yoast SEO plugin v27.5 - https:\/\/yoast.com\/product\/yoast-seo-wordpress\/ -->\n<title>The manor from 1665 &#060; Baroniet Rosendal<\/title>\n<meta name=\"robots\" content=\"index, follow, max-snippet:-1, max-image-preview:large, max-video-preview:-1\" \/>\n<link rel=\"canonical\" href=\"https:\/\/www.baroniet.no\/en\/history\/\" \/>\n<meta property=\"og:locale\" content=\"en_US\" \/>\n<meta property=\"og:type\" content=\"article\" \/>\n<meta property=\"og:title\" content=\"The manor from 1665 &#060; Baroniet Rosendal\" \/>\n<meta property=\"og:url\" content=\"https:\/\/www.baroniet.no\/en\/history\/\" \/>\n<meta property=\"og:site_name\" content=\"Baroniet Rosendal\" \/>\n<meta property=\"article:publisher\" content=\"https:\/\/www.facebook.com\/baroniet\" \/>\n<meta property=\"article:modified_time\" content=\"2018-01-12T21:09:43+00:00\" \/>\n<meta property=\"og:image\" content=\"https:\/\/www.baroniet.no\/wp-content\/uploads\/2016\/01\/biblioteket-e1484300171437.jpg\" \/>\n\t<meta property=\"og:image:width\" content=\"500\" \/>\n\t<meta property=\"og:image:height\" content=\"302\" \/>\n\t<meta property=\"og:image:type\" content=\"image\/jpeg\" \/>\n<meta name=\"twitter:card\" content=\"summary_large_image\" \/>\n<meta name=\"twitter:label1\" content=\"Est. reading time\" \/>\n\t<meta name=\"twitter:data1\" content=\"1 minute\" \/>\n<script type=\"application\/ld+json\" class=\"yoast-schema-graph\">{\"@context\":\"https:\\\/\\\/schema.org\",\"@graph\":[{\"@type\":\"WebPage\",\"@id\":\"https:\\\/\\\/www.baroniet.no\\\/en\\\/history\\\/\",\"url\":\"https:\\\/\\\/www.baroniet.no\\\/en\\\/history\\\/\",\"name\":\"The manor from 1665 &#060; Baroniet Rosendal\",\"isPartOf\":{\"@id\":\"https:\\\/\\\/www.baroniet.no\\\/#website\"},\"primaryImageOfPage\":{\"@id\":\"https:\\\/\\\/www.baroniet.no\\\/en\\\/history\\\/#primaryimage\"},\"image\":{\"@id\":\"https:\\\/\\\/www.baroniet.no\\\/en\\\/history\\\/#primaryimage\"},\"thumbnailUrl\":\"https:\\\/\\\/www.baroniet.no\\\/wp-content\\\/uploads\\\/2024\\\/06\\\/BaronietRosendalSlott.jpg\",\"datePublished\":\"2016-03-14T19:46:06+00:00\",\"dateModified\":\"2018-01-12T21:09:43+00:00\",\"breadcrumb\":{\"@id\":\"https:\\\/\\\/www.baroniet.no\\\/en\\\/history\\\/#breadcrumb\"},\"inLanguage\":\"en-US\",\"potentialAction\":[{\"@type\":\"ReadAction\",\"target\":[\"https:\\\/\\\/www.baroniet.no\\\/en\\\/history\\\/\"]}]},{\"@type\":\"ImageObject\",\"inLanguage\":\"en-US\",\"@id\":\"https:\\\/\\\/www.baroniet.no\\\/en\\\/history\\\/#primaryimage\",\"url\":\"https:\\\/\\\/www.baroniet.no\\\/wp-content\\\/uploads\\\/2024\\\/06\\\/BaronietRosendalSlott.jpg\",\"contentUrl\":\"https:\\\/\\\/www.baroniet.no\\\/wp-content\\\/uploads\\\/2024\\\/06\\\/BaronietRosendalSlott.jpg\",\"width\":750,\"height\":500,\"caption\":\"Baroniet Rosendal, slottet fr\u00e5 1665 mellom fjord, fonn, fjell og fossefall\"},{\"@type\":\"BreadcrumbList\",\"@id\":\"https:\\\/\\\/www.baroniet.no\\\/en\\\/history\\\/#breadcrumb\",\"itemListElement\":[{\"@type\":\"ListItem\",\"position\":1,\"name\":\"Hjem\",\"item\":\"https:\\\/\\\/www.baroniet.no\\\/en\\\/frontpage\\\/\"},{\"@type\":\"ListItem\",\"position\":2,\"name\":\"The manor from 1665\"}]},{\"@type\":\"WebSite\",\"@id\":\"https:\\\/\\\/www.baroniet.no\\\/#website\",\"url\":\"https:\\\/\\\/www.baroniet.no\\\/\",\"name\":\"Baroniet Rosendal\",\"description\":\"The Castle from 1665 between fjord, mountains, glacier and waterfalls\",\"potentialAction\":[{\"@type\":\"SearchAction\",\"target\":{\"@type\":\"EntryPoint\",\"urlTemplate\":\"https:\\\/\\\/www.baroniet.no\\\/?s={search_term_string}\"},\"query-input\":{\"@type\":\"PropertyValueSpecification\",\"valueRequired\":true,\"valueName\":\"search_term_string\"}}],\"inLanguage\":\"en-US\"}]}<\/script>\n<!-- \/ Yoast SEO plugin. -->","yoast_head_json":{"title":"The manor from 1665 &#060; Baroniet Rosendal","robots":{"index":"index","follow":"follow","max-snippet":"max-snippet:-1","max-image-preview":"max-image-preview:large","max-video-preview":"max-video-preview:-1"},"canonical":"https:\/\/www.baroniet.no\/en\/history\/","og_locale":"en_US","og_type":"article","og_title":"The manor from 1665 &#060; Baroniet Rosendal","og_url":"https:\/\/www.baroniet.no\/en\/history\/","og_site_name":"Baroniet Rosendal","article_publisher":"https:\/\/www.facebook.com\/baroniet","article_modified_time":"2018-01-12T21:09:43+00:00","og_image":[{"width":500,"height":302,"url":"https:\/\/www.baroniet.no\/wp-content\/uploads\/2016\/01\/biblioteket-e1484300171437.jpg","type":"image\/jpeg"}],"twitter_card":"summary_large_image","twitter_misc":{"Est. reading time":"1 minute"},"schema":{"@context":"https:\/\/schema.org","@graph":[{"@type":"WebPage","@id":"https:\/\/www.baroniet.no\/en\/history\/","url":"https:\/\/www.baroniet.no\/en\/history\/","name":"The manor from 1665 &#060; Baroniet Rosendal","isPartOf":{"@id":"https:\/\/www.baroniet.no\/#website"},"primaryImageOfPage":{"@id":"https:\/\/www.baroniet.no\/en\/history\/#primaryimage"},"image":{"@id":"https:\/\/www.baroniet.no\/en\/history\/#primaryimage"},"thumbnailUrl":"https:\/\/www.baroniet.no\/wp-content\/uploads\/2024\/06\/BaronietRosendalSlott.jpg","datePublished":"2016-03-14T19:46:06+00:00","dateModified":"2018-01-12T21:09:43+00:00","breadcrumb":{"@id":"https:\/\/www.baroniet.no\/en\/history\/#breadcrumb"},"inLanguage":"en-US","potentialAction":[{"@type":"ReadAction","target":["https:\/\/www.baroniet.no\/en\/history\/"]}]},{"@type":"ImageObject","inLanguage":"en-US","@id":"https:\/\/www.baroniet.no\/en\/history\/#primaryimage","url":"https:\/\/www.baroniet.no\/wp-content\/uploads\/2024\/06\/BaronietRosendalSlott.jpg","contentUrl":"https:\/\/www.baroniet.no\/wp-content\/uploads\/2024\/06\/BaronietRosendalSlott.jpg","width":750,"height":500,"caption":"Baroniet Rosendal, slottet fr\u00e5 1665 mellom fjord, fonn, fjell og fossefall"},{"@type":"BreadcrumbList","@id":"https:\/\/www.baroniet.no\/en\/history\/#breadcrumb","itemListElement":[{"@type":"ListItem","position":1,"name":"Hjem","item":"https:\/\/www.baroniet.no\/en\/frontpage\/"},{"@type":"ListItem","position":2,"name":"The manor from 1665"}]},{"@type":"WebSite","@id":"https:\/\/www.baroniet.no\/#website","url":"https:\/\/www.baroniet.no\/","name":"Baroniet Rosendal","description":"The Castle from 1665 between fjord, mountains, glacier and waterfalls","potentialAction":[{"@type":"SearchAction","target":{"@type":"EntryPoint","urlTemplate":"https:\/\/www.baroniet.no\/?s={search_term_string}"},"query-input":{"@type":"PropertyValueSpecification","valueRequired":true,"valueName":"search_term_string"}}],"inLanguage":"en-US"}]}},"_links":{"self":[{"href":"https:\/\/www.baroniet.no\/en\/wp-json\/wp\/v2\/pages\/452","targetHints":{"allow":["GET"]}}],"collection":[{"href":"https:\/\/www.baroniet.no\/en\/wp-json\/wp\/v2\/pages"}],"about":[{"href":"https:\/\/www.baroniet.no\/en\/wp-json\/wp\/v2\/types\/page"}],"author":[{"embeddable":true,"href":"https:\/\/www.baroniet.no\/en\/wp-json\/wp\/v2\/users\/1"}],"replies":[{"embeddable":true,"href":"https:\/\/www.baroniet.no\/en\/wp-json\/wp\/v2\/comments?post=452"}],"version-history":[{"count":0,"href":"https:\/\/www.baroniet.no\/en\/wp-json\/wp\/v2\/pages\/452\/revisions"}],"wp:featuredmedia":[{"embeddable":true,"href":"https:\/\/www.baroniet.no\/en\/wp-json\/wp\/v2\/media\/6935"}],"wp:attachment":[{"href":"https:\/\/www.baroniet.no\/en\/wp-json\/wp\/v2\/media?parent=452"}],"curies":[{"name":"wp","href":"https:\/\/api.w.org\/{rel}","templated":true}]}}